{"id":7084,"date":"2020-12-30T03:22:01","date_gmt":"2020-12-30T03:22:01","guid":{"rendered":"https:\/\/demo4.drfuri.com\/razzi\/?page_id=7084"},"modified":"2020-12-30T03:22:01","modified_gmt":"2020-12-30T03:22:01","slug":"best-selling","status":"publish","type":"page","link":"https:\/\/onlinegreenshop.de\/de\/best-selling\/","title":{"rendered":"Best Selling"},"content":{"rendered":"<div data-elementor-type=\"wp-page\" data-elementor-id=\"7084\" class=\"elementor elementor-7084\" data-elementor-post-type=\"page\">\n\t\t\t\t\t\t<section class=\"elementor-section elementor-top-section elementor-element elementor-element-0197311 elementor-section-boxed elementor-section-height-default elementor-section-height-default\" data-id=\"0197311\" data-element_type=\"section\" data-e-type=\"section\">\n\t\t\t\t\t\t<div class=\"elementor-container elementor-column-gap-default\">\n\t\t\t\t\t<div class=\"elementor-column elementor-col-100 elementor-top-column elementor-element elementor-element-475a50c\" data-id=\"475a50c\" data-element_type=\"column\" data-e-type=\"column\">\n\t\t\t<div class=\"elementor-widget-wrap elementor-element-populated\">\n\t\t\t\t\t\t<div class=\"elementor-element elementor-element-8d741b9 elementor-widget elementor-widget-razzi-products-grid\" data-id=\"8d741b9\" data-element_type=\"widget\" data-e-type=\"widget\" data-settings=\"{&quot;products&quot;:&quot;best_selling&quot;,&quot;per_page&quot;:8,&quot;columns&quot;:4,&quot;ekit_we_effect_on&quot;:&quot;none&quot;}\" data-widget_type=\"razzi-products-grid.default\">\n\t\t\t\t<div class=\"elementor-widget-container\">\n\t\t\t\t\t\t\t<div class=\"razzi-products-grid woocommerce\">\r\n\t\t\t<div class=\"product-content\"><ul class=\"products columns-4\">\n<li class=\"product type-product post-6789 status-publish first instock product_cat-boho-rock product_tag-blumenrock-damen-lang product_tag-boho-kleidung-damen product_tag-boho-rock product_tag-boho-rock-damen-lang product_tag-damenrock-boho-style product_tag-festival-rock-damen product_tag-gummibund-rock-damen product_tag-langer-rock-damen product_tag-maxirock-floral-blau has-post-thumbnail featured shipping-taxable purchasable product-type-simple\">\n\t<a href=\"https:\/\/onlinegreenshop.de\/de\/produkt\/heart-shaped-bag\/\" class=\"woocommerce-LoopProduct-link woocommerce-loop-product__link\"><img fetchpriority=\"high\" decoding=\"async\" width=\"370\" height=\"389\" src=\"https:\/\/onlinegreenshop.de\/wp-content\/uploads\/2020\/12\/20250429_172657-370x389.png\" class=\"attachment-woocommerce_thumbnail size-woocommerce_thumbnail\" alt=\"Langer Boho Rock Damen \u2013 Maxirock mit Blumenmuster in Dunkelblau &amp; Wei\u00df - Design nr 10\" \/><h2 class=\"woocommerce-loop-product__title\">Langer Boho Rock Damen \u2013 Maxirock mit Blumenmuster in Dunkelblau &#038; Wei\u00df &#8211; Design nr 10<\/h2>\n\t<span class=\"price\"><span class=\"woocommerce-Price-amount amount\"><bdi>33,00&nbsp;<span class=\"woocommerce-Price-currencySymbol\">&euro;<\/span><\/bdi><\/span><\/span>\n<\/a><a href=\"\/de\/wp-json\/wp\/v2\/pages\/7084?add-to-cart=6789\" aria-describedby=\"woocommerce_loop_add_to_cart_link_describedby_6789\" data-quantity=\"1\" class=\"button product_type_simple add_to_cart_button ajax_add_to_cart\" data-product_id=\"6789\" data-product_sku=\"10\" aria-label=\"In den Warenkorb legen: \u201eLanger Boho Rock Damen \u2013 Maxirock mit Blumenmuster in Dunkelblau &amp; Wei\u00df - Design nr 10\u201c\" rel=\"nofollow\" data-success_message=\"\u201eLanger Boho Rock Damen \u2013 Maxirock mit Blumenmuster in Dunkelblau &amp; Wei\u00df - Design nr 10\u201c wurde deinem Warenkorb hinzugef\u00fcgt\" role=\"button\" data-no-translation=\"\" data-trp-gettext=\"\" data-no-translation-aria-label=\"\" data-no-translation-data-success_message=\"\">In den Warenkorb<\/a>\t<span id=\"woocommerce_loop_add_to_cart_link_describedby_6789\" class=\"screen-reader-text\">\n\t\t\t<\/span>\n<\/li>\n<li class=\"product type-product post-6788 status-publish instock product_cat-boho-rock product_tag-blumenrock-damen-lang product_tag-boho-kleidung-damen product_tag-boho-rock-damen-lang product_tag-damenrock-boho-style product_tag-damenrock-floral-lang product_tag-festival-rock-damen product_tag-gummibund-rock-damen product_tag-hippie-rock-lang product_tag-maxirock-blumenmuster product_tag-skirt-with-floral-print has-post-thumbnail featured shipping-taxable purchasable product-type-simple\">\n\t<a href=\"https:\/\/onlinegreenshop.de\/de\/produkt\/boho-maxirock-grun-mit-blumenmuster-luftiger-damenrock-im-vintage-stil-design-nr-11\/\" class=\"woocommerce-LoopProduct-link woocommerce-loop-product__link\"><img decoding=\"async\" width=\"370\" height=\"389\" src=\"https:\/\/onlinegreenshop.de\/wp-content\/uploads\/2025\/05\/20250429_172332-370x389.png\" class=\"attachment-woocommerce_thumbnail size-woocommerce_thumbnail\" alt=\"Boho Maxirock \u2013 Gr\u00fcn mit Blumenmuster | Luftiger Damenrock im Vintage-Stil - Design nr 11\" \/><h2 class=\"woocommerce-loop-product__title\">Boho Maxirock \u2013 Gr\u00fcn mit Blumenmuster | Luftiger Damenrock im Vintage-Stil &#8211; Design nr 11<\/h2>\n\t<span class=\"price\"><span class=\"woocommerce-Price-amount amount\"><bdi>33,00&nbsp;<span class=\"woocommerce-Price-currencySymbol\">&euro;<\/span><\/bdi><\/span><\/span>\n<\/a><a href=\"\/de\/wp-json\/wp\/v2\/pages\/7084?add-to-cart=6788\" aria-describedby=\"woocommerce_loop_add_to_cart_link_describedby_6788\" data-quantity=\"1\" class=\"button product_type_simple add_to_cart_button ajax_add_to_cart\" data-product_id=\"6788\" data-product_sku=\"11\" aria-label=\"In den Warenkorb legen: \u201eBoho Maxirock \u2013 Gr\u00fcn mit Blumenmuster | Luftiger Damenrock im Vintage-Stil - Design nr 11\u201c\" rel=\"nofollow\" data-success_message=\"\u201eBoho Maxirock \u2013 Gr\u00fcn mit Blumenmuster | Luftiger Damenrock im Vintage-Stil - Design nr 11\u201c wurde deinem Warenkorb hinzugef\u00fcgt\" role=\"button\" data-no-translation=\"\" data-trp-gettext=\"\" data-no-translation-aria-label=\"\" data-no-translation-data-success_message=\"\">In den Warenkorb<\/a>\t<span id=\"woocommerce_loop_add_to_cart_link_describedby_6788\" class=\"screen-reader-text\">\n\t\t\t<\/span>\n<\/li>\n<li class=\"product type-product post-6787 status-publish instock product_cat-boho-rock product_tag-blumenrock-damen-lang product_tag-boho-kleidung-damen product_tag-boho-rock-damen-lang product_tag-damenrock-boho-style product_tag-festival-rock-damen product_tag-gummibund-rock-damen product_tag-maxirock-blumenmuster product_tag-maxirock-mit-blumenmuster product_tag-skirt-with-floral-print product_tag-vintage-blumenrock has-post-thumbnail featured shipping-taxable purchasable product-type-simple\">\n\t<a href=\"https:\/\/onlinegreenshop.de\/de\/produkt\/boho-maxirock-ethno-muster-in-rot-blau-creme-luftiger-sommerrock-design-nr-12\/\" class=\"woocommerce-LoopProduct-link woocommerce-loop-product__link\"><img decoding=\"async\" width=\"370\" height=\"389\" src=\"https:\/\/onlinegreenshop.de\/wp-content\/uploads\/2025\/05\/20250429_172014-370x389.png\" class=\"attachment-woocommerce_thumbnail size-woocommerce_thumbnail\" alt=\"Boho Maxirock \u2013 Ethno-Muster in Rot, Blau &amp; Creme | Luftiger Sommerrock - Design nr 12\" \/><h2 class=\"woocommerce-loop-product__title\">Boho Maxirock \u2013 Ethno-Muster in Rot, Blau &#038; Creme | Luftiger Sommerrock &#8211; Design nr 12<\/h2>\n\t<span class=\"price\"><span class=\"woocommerce-Price-amount amount\"><bdi>33,00&nbsp;<span class=\"woocommerce-Price-currencySymbol\">&euro;<\/span><\/bdi><\/span><\/span>\n<\/a><a href=\"\/de\/wp-json\/wp\/v2\/pages\/7084?add-to-cart=6787\" aria-describedby=\"woocommerce_loop_add_to_cart_link_describedby_6787\" data-quantity=\"1\" class=\"button product_type_simple add_to_cart_button ajax_add_to_cart\" data-product_id=\"6787\" data-product_sku=\"12\" aria-label=\"In den Warenkorb legen: \u201eBoho Maxirock \u2013 Ethno-Muster in Rot, Blau &amp; Creme | Luftiger Sommerrock - Design nr 12\u201c\" rel=\"nofollow\" data-success_message=\"\u201eBoho Maxirock \u2013 Ethno-Muster in Rot, Blau &amp; Creme | Luftiger Sommerrock - Design nr 12\u201c wurde deinem Warenkorb hinzugef\u00fcgt\" role=\"button\" data-no-translation=\"\" data-trp-gettext=\"\" data-no-translation-aria-label=\"\" data-no-translation-data-success_message=\"\">In den Warenkorb<\/a>\t<span id=\"woocommerce_loop_add_to_cart_link_describedby_6787\" class=\"screen-reader-text\">\n\t\t\t<\/span>\n<\/li>\n<li class=\"product type-product post-11576 status-publish last instock product_cat-boho-rock product_tag-boho-rock-damen product_tag-bunter-sommerrock product_tag-ethno-rock-bunt product_tag-festival-outfit-rock product_tag-floraler-rock-damen product_tag-hippie-maxirock product_tag-langer-blumenrock product_tag-luftiger-stufenrock product_tag-rock-mit-gummizug-damen product_tag-romantischer-maxirock has-post-thumbnail shipping-taxable purchasable product-type-simple\">\n\t<a href=\"https:\/\/onlinegreenshop.de\/de\/produkt\/romantischer-paisley-maxirock-creme-zimt\/\" class=\"woocommerce-LoopProduct-link woocommerce-loop-product__link\"><img loading=\"lazy\" decoding=\"async\" width=\"370\" height=\"389\" src=\"https:\/\/onlinegreenshop.de\/wp-content\/uploads\/2025\/05\/20250502_133735-370x389.png\" class=\"attachment-woocommerce_thumbnail size-woocommerce_thumbnail\" alt=\"Langer Boho-Rock mit Paisley- und Blumenmuster in Creme, Zimt und Beere, flach auf hellem Holzboden neben Buch, Kopfh\u00f6rer und Amethyststein\" \/><h2 class=\"woocommerce-loop-product__title\">Romantischer Maxirock mit Paisley-Blumenmuster in Zimt und Beere &#8211; Design nr 49<\/h2>\n\t<span class=\"price\"><span class=\"woocommerce-Price-amount amount\"><bdi>42,00&nbsp;<span class=\"woocommerce-Price-currencySymbol\">&euro;<\/span><\/bdi><\/span><\/span>\n<\/a><a href=\"\/de\/wp-json\/wp\/v2\/pages\/7084?add-to-cart=11576\" aria-describedby=\"woocommerce_loop_add_to_cart_link_describedby_11576\" data-quantity=\"1\" class=\"button product_type_simple add_to_cart_button ajax_add_to_cart\" data-product_id=\"11576\" data-product_sku=\"49\" aria-label=\"In den Warenkorb legen: \u201eRomantischer Maxirock mit Paisley-Blumenmuster in Zimt und Beere - Design nr 49\u201c\" rel=\"nofollow\" data-success_message=\"\u201eRomantischer Maxirock mit Paisley-Blumenmuster in Zimt und Beere - Design nr 49\u201c wurde deinem Warenkorb hinzugef\u00fcgt\" role=\"button\" data-no-translation=\"\" data-trp-gettext=\"\" data-no-translation-aria-label=\"\" data-no-translation-data-success_message=\"\">In den Warenkorb<\/a>\t<span id=\"woocommerce_loop_add_to_cart_link_describedby_11576\" class=\"screen-reader-text\">\n\t\t\t<\/span>\n<\/li>\n<li class=\"product type-product post-11776 status-publish first instock product_cat-boho-rock product_tag-boho-rock-damen product_tag-bunter-sommerrock product_tag-ethno-rock-bunt product_tag-festival-outfit-rock product_tag-floraler-rock-damen product_tag-hippie-maxirock product_tag-langer-blumenrock product_tag-luftiger-stufenrock product_tag-rock-mit-gummizug-damen product_tag-romantischer-maxirock has-post-thumbnail shipping-taxable purchasable product-type-simple\">\n\t<a href=\"https:\/\/onlinegreenshop.de\/de\/produkt\/maxirock-pastellblumen-romantisch-boho-sommerrock\/\" class=\"woocommerce-LoopProduct-link woocommerce-loop-product__link\"><img loading=\"lazy\" decoding=\"async\" width=\"370\" height=\"389\" src=\"https:\/\/onlinegreenshop.de\/wp-content\/uploads\/2025\/05\/20250429_172900-370x389.png\" class=\"attachment-woocommerce_thumbnail size-woocommerce_thumbnail\" alt=\"Langer Maxirock in Pastellfarben mit floralem Muster auf hellem Grund, daneben Pflanzen und Heilsteine arrangiert\" \/><h2 class=\"woocommerce-loop-product__title\">Rosentau am Morgen \u2013 Zarter Maxirock in Pastellbl\u00fcten<\/h2>\n\t<span class=\"price\"><span class=\"woocommerce-Price-amount amount\"><bdi>32,00&nbsp;<span class=\"woocommerce-Price-currencySymbol\">&euro;<\/span><\/bdi><\/span><\/span>\n<\/a><a href=\"\/de\/wp-json\/wp\/v2\/pages\/7084?add-to-cart=11776\" aria-describedby=\"woocommerce_loop_add_to_cart_link_describedby_11776\" data-quantity=\"1\" class=\"button product_type_simple add_to_cart_button ajax_add_to_cart\" data-product_id=\"11776\" data-product_sku=\"09\" aria-label=\"In den Warenkorb legen: \u201eRosentau am Morgen \u2013 Zarter Maxirock in Pastellbl\u00fcten\u201c\" rel=\"nofollow\" data-success_message=\"\u201eRosentau am Morgen \u2013 Zarter Maxirock in Pastellbl\u00fcten\u201c wurde deinem Warenkorb hinzugef\u00fcgt\" role=\"button\" data-no-translation=\"\" data-trp-gettext=\"\" data-no-translation-aria-label=\"\" data-no-translation-data-success_message=\"\">In den Warenkorb<\/a>\t<span id=\"woocommerce_loop_add_to_cart_link_describedby_11776\" class=\"screen-reader-text\">\n\t\t\t<\/span>\n<\/li>\n<li class=\"product type-product post-11779 status-publish instock product_cat-boho-rock product_tag-boho-rock-damen product_tag-cremefarbener-boho-rock product_tag-ethno-rock-bunt product_tag-festival-outfit-rock product_tag-hippie-maxirock product_tag-luftiger-stufenrock product_tag-maxirock-mit-sternen product_tag-rock-mit-gummizug-damen product_tag-romantischer-maxirock product_tag-sommerrock-damen-lang has-post-thumbnail shipping-taxable purchasable product-type-simple\">\n\t<a href=\"https:\/\/onlinegreenshop.de\/de\/produkt\/boho-rock-sternenstaub-maxirock-creme-lavendel\/\" class=\"woocommerce-LoopProduct-link woocommerce-loop-product__link\"><img loading=\"lazy\" decoding=\"async\" width=\"370\" height=\"389\" src=\"https:\/\/onlinegreenshop.de\/wp-content\/uploads\/2025\/05\/20250429_171750-370x389.png\" class=\"attachment-woocommerce_thumbnail size-woocommerce_thumbnail\" alt=\"Cremiger Boho-Rock mit kleinen lavendelfarbenen Sternen und elastischem Bund, auf hellem Boden mit Kristallen und Pflanze drapiert\" \/><h2 class=\"woocommerce-loop-product__title\">\u201eSternenstaub &#038; Lavendeltr\u00e4ume\u201c \u2013 Cremiger Maxirock mit Mini-Sternen<\/h2>\n\t<span class=\"price\"><span class=\"woocommerce-Price-amount amount\"><bdi>35,00&nbsp;<span class=\"woocommerce-Price-currencySymbol\">&euro;<\/span><\/bdi><\/span><\/span>\n<\/a><a href=\"\/de\/wp-json\/wp\/v2\/pages\/7084?add-to-cart=11779\" aria-describedby=\"woocommerce_loop_add_to_cart_link_describedby_11779\" data-quantity=\"1\" class=\"button product_type_simple add_to_cart_button ajax_add_to_cart\" data-product_id=\"11779\" data-product_sku=\"13\" aria-label=\"In den Warenkorb legen: \u201e\u201eSternenstaub &amp; Lavendeltr\u00e4ume\u201c \u2013 Cremiger Maxirock mit Mini-Sternen\u201c\" rel=\"nofollow\" data-success_message=\"\u201e\u201eSternenstaub &amp; Lavendeltr\u00e4ume\u201c \u2013 Cremiger Maxirock mit Mini-Sternen\u201c wurde deinem Warenkorb hinzugef\u00fcgt\" role=\"button\" data-no-translation=\"\" data-trp-gettext=\"\" data-no-translation-aria-label=\"\" data-no-translation-data-success_message=\"\">In den Warenkorb<\/a>\t<span id=\"woocommerce_loop_add_to_cart_link_describedby_11779\" class=\"screen-reader-text\">\n\t\t\t<\/span>\n<\/li>\n<li class=\"product type-product post-11564 status-publish instock product_cat-boho-rock product_tag-boho-maxirock-lang product_tag-bunter-festivalrock product_tag-crinkle-rock-sommer product_tag-damenrock-patchwork-muster product_tag-ethno-rock-damen product_tag-hippie-rock-mit-gummizug product_tag-langer-bohemian-rock product_tag-maxirock-luftig-leicht product_tag-patchwork-rock-damen product_tag-sommerrock-altrosa has-post-thumbnail shipping-taxable purchasable product-type-simple\">\n\t<a href=\"https:\/\/onlinegreenshop.de\/de\/produkt\/langer-boho-patchwork-maxirock-in-altrosa-und-senftonen\/\" class=\"woocommerce-LoopProduct-link woocommerce-loop-product__link\"><img loading=\"lazy\" decoding=\"async\" width=\"370\" height=\"389\" src=\"https:\/\/onlinegreenshop.de\/wp-content\/uploads\/2025\/05\/20250502_135659-370x389.png\" class=\"attachment-woocommerce_thumbnail size-woocommerce_thumbnail\" alt=\"Langer Boho Patchwork Maxirock in Altrosa und Senft\u00f6nen aus Crinkle-Stoff \u2013 Damen Sommerrock mit Gummizug, flie\u00dfend und leicht \u2013 ideal f\u00fcr Festivals, Urlaub und Alltag\" \/><h2 class=\"woocommerce-loop-product__title\">Boho Maxirock mit Patchwork-Muster \u2013 Rosa, Senf &#038; Naturt\u00f6ne &#8211; Design nr 59<\/h2>\n\t<span class=\"price\"><span class=\"woocommerce-Price-amount amount\"><bdi>35,00&nbsp;<span class=\"woocommerce-Price-currencySymbol\">&euro;<\/span><\/bdi><\/span><\/span>\n<\/a><a href=\"\/de\/wp-json\/wp\/v2\/pages\/7084?add-to-cart=11564\" aria-describedby=\"woocommerce_loop_add_to_cart_link_describedby_11564\" data-quantity=\"1\" class=\"button product_type_simple add_to_cart_button ajax_add_to_cart\" data-product_id=\"11564\" data-product_sku=\"59\" aria-label=\"In den Warenkorb legen: \u201eBoho Maxirock mit Patchwork-Muster \u2013 Rosa, Senf &amp; Naturt\u00f6ne - Design nr 59\u201c\" rel=\"nofollow\" data-success_message=\"\u201eBoho Maxirock mit Patchwork-Muster \u2013 Rosa, Senf &amp; Naturt\u00f6ne - Design nr 59\u201c wurde deinem Warenkorb hinzugef\u00fcgt\" role=\"button\" data-no-translation=\"\" data-trp-gettext=\"\" data-no-translation-aria-label=\"\" data-no-translation-data-success_message=\"\">In den Warenkorb<\/a>\t<span id=\"woocommerce_loop_add_to_cart_link_describedby_11564\" class=\"screen-reader-text\">\n\t\t\t<\/span>\n<\/li>\n<li class=\"product type-product post-11848 status-publish last instock product_cat-boho-rock product_tag-boho-rock-damen product_tag-damenmode-sommer product_tag-damenrock-lang-orange-grun product_tag-ethno-rock-lang product_tag-fashion-maxirock product_tag-leichter-sommerrock product_tag-maxirock-bunt product_tag-rock-mit-blattermuster product_tag-sommerrock-muster product_tag-urlaubsrock-damen has-post-thumbnail shipping-taxable purchasable product-type-simple\">\n\t<a href=\"https:\/\/onlinegreenshop.de\/de\/produkt\/tanz-der-farben-maxirock-sommer\/\" class=\"woocommerce-LoopProduct-link woocommerce-loop-product__link\"><img loading=\"lazy\" decoding=\"async\" width=\"370\" height=\"389\" src=\"https:\/\/onlinegreenshop.de\/wp-content\/uploads\/2025\/06\/20250502_130857-370x389.png\" class=\"attachment-woocommerce_thumbnail size-woocommerce_thumbnail\" alt=\"Ein lebhafter, bunter Maxirock mit einem abstrakten Muster aus orangefarbenen, gr\u00fcnen und cremefarbenen Bl\u00e4ttern, flach auf einem Holzboden liegend, daneben ein aufgeschlagenes Buch und Kopfh\u00f6rer.\" \/><h2 class=\"woocommerce-loop-product__title\">Tanz der Farben \u2013 Ein Sommernachtstraum in Stoff gewebt<\/h2>\n\t<span class=\"price\"><span class=\"woocommerce-Price-amount amount\"><bdi>28,00&nbsp;<span class=\"woocommerce-Price-currencySymbol\">&euro;<\/span><\/bdi><\/span><\/span>\n<\/a><a href=\"\/de\/wp-json\/wp\/v2\/pages\/7084?add-to-cart=11848\" aria-describedby=\"woocommerce_loop_add_to_cart_link_describedby_11848\" data-quantity=\"1\" class=\"button product_type_simple add_to_cart_button ajax_add_to_cart\" data-product_id=\"11848\" data-product_sku=\"34\" aria-label=\"In den Warenkorb legen: \u201eTanz der Farben \u2013 Ein Sommernachtstraum in Stoff gewebt\u201c\" rel=\"nofollow\" data-success_message=\"\u201eTanz der Farben \u2013 Ein Sommernachtstraum in Stoff gewebt\u201c wurde deinem Warenkorb hinzugef\u00fcgt\" role=\"button\" data-no-translation=\"\" data-trp-gettext=\"\" data-no-translation-aria-label=\"\" data-no-translation-data-success_message=\"\">In den Warenkorb<\/a>\t<span id=\"woocommerce_loop_add_to_cart_link_describedby_11848\" class=\"screen-reader-text\">\n\t\t\t<\/span>\n<\/li>\n<\/ul>\n<\/div><a href=\"#\" class=\"ajax-load-products razzi-button button-larger\" data-page=\"2\" rel=\"nofollow\">\r\n\t\t\t\t\t\t\t\t\t<span class=\"button-text\">Load More<\/span>\r\n\t\t\t\t\t\t\t\t\t<span class=\"dots razzi-gooey\">\r\n\t\t\t\t\t\t\t\t\t\t<span><\/span>\r\n\t\t\t\t\t\t\t\t\t\t<span><\/span>\r\n\t\t\t\t\t\t\t\t\t\t<span><\/span>\r\n\t\t\t\t\t\t\t\t\t<\/span>\r\n\t\t\t\t\t\t\t\t<\/a>\t\t<\/div>\r\n\t\t\t\t\t\t<\/div>\n\t\t\t\t<\/div>\n\t\t\t\t\t<\/div>\n\t\t<\/div>\n\t\t\t\t\t<\/div>\n\t\t<\/section>\n\t\t\t\t<\/div>","protected":false},"excerpt":{"rendered":"<p>NewAdd to cart Quick View Add to wishlist T-Shirts Crew Neck T-shirt &pound;&nbsp;98.96 -9% Add to cart Quick View Add to wishlist Dresses Basic Dress Green &pound;&nbsp;174.30 &pound;&nbsp;158.79 NewAdd to cart Quick View Add to wishlist Kids Hiking Boots &pound;&nbsp;56.87 Add to cart Quick View Add to wishlist Bag Cross Body Mini Bag &pound;&nbsp;29.54 NewAdd [&hellip;]<\/p>","protected":false},"author":1,"featured_media":0,"parent":0,"menu_order":0,"comment_status":"closed","ping_status":"closed","template":"","meta":{"footnotes":""},"class_list":["post-7084","page","type-page","status-publish","hentry"],"jetpack_sharing_enabled":true,"_links":{"self":[{"href":"https:\/\/onlinegreenshop.de\/de\/wp-json\/wp\/v2\/pages\/7084","targetHints":{"allow":["GET"]}}],"collection":[{"href":"https:\/\/onlinegreenshop.de\/de\/wp-json\/wp\/v2\/pages"}],"about":[{"href":"https:\/\/onlinegreenshop.de\/de\/wp-json\/wp\/v2\/types\/page"}],"author":[{"embeddable":true,"href":"https:\/\/onlinegreenshop.de\/de\/wp-json\/wp\/v2\/users\/1"}],"replies":[{"embeddable":true,"href":"https:\/\/onlinegreenshop.de\/de\/wp-json\/wp\/v2\/comments?post=7084"}],"version-history":[{"count":0,"href":"https:\/\/onlinegreenshop.de\/de\/wp-json\/wp\/v2\/pages\/7084\/revisions"}],"wp:attachment":[{"href":"https:\/\/onlinegreenshop.de\/de\/wp-json\/wp\/v2\/media?parent=7084"}],"curies":[{"name":"wp","href":"https:\/\/api.w.org\/{rel}","templated":true}]}}