{"id":9,"date":"2025-05-18T10:46:54","date_gmt":"2025-05-18T10:46:54","guid":{"rendered":"https:\/\/onlinegreenshop.de\/cart\/"},"modified":"2025-05-23T20:13:37","modified_gmt":"2025-05-23T18:13:37","slug":"cart","status":"publish","type":"page","link":"https:\/\/onlinegreenshop.de\/de\/cart\/","title":{"rendered":"Cart"},"content":{"rendered":"<div data-block-name=\"woocommerce\/cart\" class=\"wp-block-woocommerce-cart alignwide is-loading\">\n<div data-block-name=\"woocommerce\/filled-cart-block\" class=\"wp-block-woocommerce-filled-cart-block\">\n<div data-block-name=\"woocommerce\/cart-items-block\" class=\"wp-block-woocommerce-cart-items-block\">\n<div data-block-name=\"woocommerce\/cart-line-items-block\" class=\"wp-block-woocommerce-cart-line-items-block\"><\/div>\n\n\n\n<div data-block-name=\"woocommerce\/cart-cross-sells-block\" class=\"wp-block-woocommerce-cart-cross-sells-block\">\n<h2 class=\"wp-block-heading has-large-font-size\">You may be interested in\u2026<\/h2>\n\n\n\n<div data-block-name=\"woocommerce\/cart-cross-sells-products-block\" class=\"wp-block-woocommerce-cart-cross-sells-products-block\"><\/div>\n<\/div>\n<\/div>\n\n\n\n<div data-block-name=\"woocommerce\/cart-totals-block\" class=\"wp-block-woocommerce-cart-totals-block\">\n<div data-block-name=\"woocommerce\/cart-order-summary-block\" class=\"wp-block-woocommerce-cart-order-summary-block\">\n<div data-block-name=\"woocommerce\/cart-order-summary-heading-block\" class=\"wp-block-woocommerce-cart-order-summary-heading-block\"><\/div><div data-block-name=\"woocommerce\/cart-order-summary-coupon-form-block\" class=\"wp-block-woocommerce-cart-order-summary-coupon-form-block\"><\/div><div data-block-name=\"woocommerce\/cart-order-summary-totals-block\" class=\"wp-block-woocommerce-cart-order-summary-totals-block\">\n<div data-block-name=\"woocommerce\/cart-order-summary-subtotal-block\" class=\"wp-block-woocommerce-cart-order-summary-subtotal-block\"><\/div>\n<div data-block-name=\"woocommerce\/cart-order-summary-discount-block\" class=\"wp-block-woocommerce-cart-order-summary-discount-block\"><\/div>\n<div data-block-name=\"woocommerce\/cart-order-summary-fee-block\" class=\"wp-block-woocommerce-cart-order-summary-fee-block\"><\/div>\n<div data-block-name=\"woocommerce\/cart-order-summary-shipping-block\" class=\"wp-block-woocommerce-cart-order-summary-shipping-block\"><\/div>\n<div data-block-name=\"woocommerce\/cart-order-summary-taxes-block\" class=\"wp-block-woocommerce-cart-order-summary-taxes-block\"><\/div><\/div>\n<\/div>\n\n\n\n<div data-block-name=\"woocommerce\/cart-express-payment-block\" class=\"wp-block-woocommerce-cart-express-payment-block\"><\/div>\n\n\n\n<div data-block-name=\"woocommerce\/proceed-to-checkout-block\" class=\"wp-block-woocommerce-proceed-to-checkout-block\"><\/div>\n\n\n\n<div data-block-name=\"woocommerce\/cart-accepted-payment-methods-block\" class=\"wp-block-woocommerce-cart-accepted-payment-methods-block\"><\/div>\n<\/div>\n<\/div>\n\n\n\n<div data-block-name=\"woocommerce\/empty-cart-block\" class=\"wp-block-woocommerce-empty-cart-block\">\n<h2 class=\"wp-block-heading has-text-align-center with-empty-cart-icon wc-block-cart__empty-cart__title\">Your cart is currently empty!<\/h2>\n\n\n\n<hr class=\"wp-block-separator has-alpha-channel-opacity is-style-dots\"\/>\n\n\n\n<h2 class=\"wp-block-heading has-text-align-center\">New in store<\/h2>\n\n\n<div data-block-name=\"woocommerce\/product-new\" data-columns=\"4\" data-rows=\"1\" class=\"wc-block-grid wp-block-product-new wp-block-woocommerce-product-new wc-block-product-new has-4-columns\"><ul class=\"wc-block-grid__products\"><li class=\"wc-block-grid__product\">\n\t\t\t\t<a href=\"https:\/\/onlinegreenshop.de\/de\/produkt\/maxirock-bordeaux-paisley-boho\/\" class=\"wc-block-grid__product-link\">\n\t\t\t\t\t\n\t\t\t\t\t<div class=\"wc-block-grid__product-image\"><img fetchpriority=\"high\" decoding=\"async\" width=\"370\" height=\"389\" src=\"https:\/\/onlinegreenshop.de\/wp-content\/uploads\/2025\/07\/20250502_132629-370x389.png\" class=\"attachment-woocommerce_thumbnail size-woocommerce_thumbnail\" alt=\"Maxirock in Bordeaux mit Paisley-Muster, ausgebreitet auf hellem Holzboden, daneben ein ge\u00f6ffnetes Buch, schwarze Kopfh\u00f6rer und ein Amethyststein.\" \/><\/div>\n\t\t\t\t\t<div class=\"wc-block-grid__product-title\">Herbsthauch in Bordeaux \u2013 Boho Maxirock mit Paisley-Muster<\/div>\n\t\t\t\t<\/a>\n\t\t\t\t<div class=\"wc-block-grid__product-price price\"><span class=\"woocommerce-Price-amount amount\">34,00&nbsp;<span class=\"woocommerce-Price-currencySymbol\">&euro;<\/span><\/span><\/div>\n\t\t\t\t\n\t\t\t\t<div class=\"wp-block-button wc-block-grid__product-add-to-cart\"><a href=\"\/de\/wp-json\/wp\/v2\/pages\/9?add-to-cart=11965\" aria-label=\"In den Warenkorb legen: \u201eHerbsthauch in Bordeaux \u2013 Boho Maxirock mit Paisley-Muster\u201c\" data-quantity=\"1\" data-product_id=\"11965\" data-product_sku=\"43\" data-price=\"34\" rel=\"nofollow\" class=\"wp-block-button__link  add_to_cart_button ajax_add_to_cart\" data-no-translation=\"\" data-trp-gettext=\"\" data-no-translation-aria-label=\"\">In den Warenkorb<\/a><\/div>\n\t\t\t<\/li><li class=\"wc-block-grid__product\">\n\t\t\t\t<a href=\"https:\/\/onlinegreenshop.de\/de\/produkt\/sommertraum-maxikleid-blau-mandala\/\" class=\"wc-block-grid__product-link\">\n\t\t\t\t\t\n\t\t\t\t\t<div class=\"wc-block-grid__product-image\"><img decoding=\"async\" width=\"370\" height=\"389\" src=\"https:\/\/onlinegreenshop.de\/wp-content\/uploads\/2025\/07\/20250502_135400-370x389.png\" class=\"attachment-woocommerce_thumbnail size-woocommerce_thumbnail\" alt=\"Luftiges Maxikleid mit blau-wei\u00dfem Mandala-Muster, ausgebreitet auf hellem Holzfu\u00dfboden, daneben ein ge\u00f6ffnetes Buch, Kopfh\u00f6rer und ein Amethyst-Stein.\" \/><\/div>\n\t\t\t\t\t<div class=\"wc-block-grid__product-title\">Sommertraum in Blau \u2013 Luftiges Maxikleid mit Mandala-Muster<\/div>\n\t\t\t\t<\/a>\n\t\t\t\t<div class=\"wc-block-grid__product-price price\"><span class=\"woocommerce-Price-amount amount\">30,00&nbsp;<span class=\"woocommerce-Price-currencySymbol\">&euro;<\/span><\/span><\/div>\n\t\t\t\t\n\t\t\t\t<div class=\"wp-block-button wc-block-grid__product-add-to-cart\"><a href=\"\/de\/wp-json\/wp\/v2\/pages\/9?add-to-cart=11963\" aria-label=\"In den Warenkorb legen: \u201eSommertraum in Blau \u2013 Luftiges Maxikleid mit Mandala-Muster\u201c\" data-quantity=\"1\" data-product_id=\"11963\" data-product_sku=\"57\" data-price=\"30\" rel=\"nofollow\" class=\"wp-block-button__link  add_to_cart_button ajax_add_to_cart\" data-no-translation=\"\" data-trp-gettext=\"\" data-no-translation-aria-label=\"\">In den Warenkorb<\/a><\/div>\n\t\t\t<\/li><li class=\"wc-block-grid__product\">\n\t\t\t\t<a href=\"https:\/\/onlinegreenshop.de\/de\/produkt\/sternenhimmel-maxirock-schwarz-punkte\/\" class=\"wc-block-grid__product-link\">\n\t\t\t\t\t\n\t\t\t\t\t<div class=\"wc-block-grid__product-image\"><img decoding=\"async\" width=\"370\" height=\"389\" src=\"https:\/\/onlinegreenshop.de\/wp-content\/uploads\/2025\/06\/20250502_132348-370x389.png\" class=\"attachment-woocommerce_thumbnail size-woocommerce_thumbnail\" alt=\"Dunkelgrauer oder schwarzer Maxirock mit winzigen hellen Punktmustern und Kordelzug, auf einem Holzboden liegend neben einem Buch und Kopfh\u00f6rern.\" \/><\/div>\n\t\t\t\t\t<div class=\"wc-block-grid__product-title\">Sternenhimmel auf Samt \u2013 Ein Rock voller geheimnisvoller Punkte<\/div>\n\t\t\t\t<\/a>\n\t\t\t\t<div class=\"wc-block-grid__product-price price\"><span class=\"woocommerce-Price-amount amount\">34,00&nbsp;<span class=\"woocommerce-Price-currencySymbol\">&euro;<\/span><\/span><\/div>\n\t\t\t\t\n\t\t\t\t<div class=\"wp-block-button wc-block-grid__product-add-to-cart\"><a href=\"\/de\/wp-json\/wp\/v2\/pages\/9?add-to-cart=11885\" aria-label=\"In den Warenkorb legen: \u201eSternenhimmel auf Samt \u2013 Ein Rock voller geheimnisvoller Punkte\u201c\" data-quantity=\"1\" data-product_id=\"11885\" data-product_sku=\"42\" data-price=\"34\" rel=\"nofollow\" class=\"wp-block-button__link  add_to_cart_button ajax_add_to_cart\" data-no-translation=\"\" data-trp-gettext=\"\" data-no-translation-aria-label=\"\">In den Warenkorb<\/a><\/div>\n\t\t\t<\/li><li class=\"wc-block-grid__product\">\n\t\t\t\t<a href=\"https:\/\/onlinegreenshop.de\/de\/produkt\/erdverbundener-maxirock-graubraun-punktmuster\/\" class=\"wc-block-grid__product-link\">\n\t\t\t\t\t\n\t\t\t\t\t<div class=\"wc-block-grid__product-image\"><img loading=\"lazy\" decoding=\"async\" width=\"370\" height=\"389\" src=\"https:\/\/onlinegreenshop.de\/wp-content\/uploads\/2025\/06\/20250502_132203-370x389.png\" class=\"attachment-woocommerce_thumbnail size-woocommerce_thumbnail\" alt=\"Grau-brauner Maxirock mit kleinem geometrischen oder Punktmuster und Kordelzug, auf einem Holzboden liegend neben einem Buch und Kopfh\u00f6rern.\" \/><\/div>\n\t\t\t\t\t<div class=\"wc-block-grid__product-title\">Erdverbundenes Fl\u00fcstern \u2013 Ein Rock aus sanften T\u00f6nen<\/div>\n\t\t\t\t<\/a>\n\t\t\t\t<div class=\"wc-block-grid__product-price price\"><span class=\"woocommerce-Price-amount amount\">33,00&nbsp;<span class=\"woocommerce-Price-currencySymbol\">&euro;<\/span><\/span><\/div>\n\t\t\t\t\n\t\t\t\t<div class=\"wp-block-button wc-block-grid__product-add-to-cart\"><a href=\"\/de\/wp-json\/wp\/v2\/pages\/9?add-to-cart=11883\" aria-label=\"In den Warenkorb legen: \u201eErdverbundenes Fl\u00fcstern \u2013 Ein Rock aus sanften T\u00f6nen\u201c\" data-quantity=\"1\" data-product_id=\"11883\" data-product_sku=\"41\" data-price=\"33\" rel=\"nofollow\" class=\"wp-block-button__link  add_to_cart_button ajax_add_to_cart\" data-no-translation=\"\" data-trp-gettext=\"\" data-no-translation-aria-label=\"\">In den Warenkorb<\/a><\/div>\n\t\t\t<\/li><\/ul><\/div><\/div>\n<\/div>","protected":false},"excerpt":{"rendered":"","protected":false},"author":1,"featured_media":0,"parent":0,"menu_order":0,"comment_status":"closed","ping_status":"closed","template":"","meta":{"footnotes":""},"class_list":["post-9","page","type-page","status-publish","hentry"],"jetpack_sharing_enabled":true,"_links":{"self":[{"href":"https:\/\/onlinegreenshop.de\/de\/wp-json\/wp\/v2\/pages\/9","targetHints":{"allow":["GET"]}}],"collection":[{"href":"https:\/\/onlinegreenshop.de\/de\/wp-json\/wp\/v2\/pages"}],"about":[{"href":"https:\/\/onlinegreenshop.de\/de\/wp-json\/wp\/v2\/types\/page"}],"author":[{"embeddable":true,"href":"https:\/\/onlinegreenshop.de\/de\/wp-json\/wp\/v2\/users\/1"}],"replies":[{"embeddable":true,"href":"https:\/\/onlinegreenshop.de\/de\/wp-json\/wp\/v2\/comments?post=9"}],"version-history":[{"count":1,"href":"https:\/\/onlinegreenshop.de\/de\/wp-json\/wp\/v2\/pages\/9\/revisions"}],"predecessor-version":[{"id":11422,"href":"https:\/\/onlinegreenshop.de\/de\/wp-json\/wp\/v2\/pages\/9\/revisions\/11422"}],"wp:attachment":[{"href":"https:\/\/onlinegreenshop.de\/de\/wp-json\/wp\/v2\/media?parent=9"}],"curies":[{"name":"wp","href":"https:\/\/api.w.org\/{rel}","templated":true}]}}