{"id":11776,"date":"2025-05-27T17:28:29","date_gmt":"2025-05-27T15:28:29","guid":{"rendered":"https:\/\/onlinegreenshop.de\/?post_type=product&#038;p=11776"},"modified":"2025-07-08T17:21:15","modified_gmt":"2025-07-08T15:21:15","slug":"maxirock-pastellblumen-romantisch-boho-sommerrock","status":"publish","type":"product","link":"https:\/\/onlinegreenshop.de\/de\/produkt\/maxirock-pastellblumen-romantisch-boho-sommerrock\/","title":{"rendered":"Rosentau am Morgen \u2013 Zarter Maxirock in Pastellbl\u00fcten"},"content":{"rendered":"<p>\u201eRosentau am Morgen\u201c ist ein federleichter Maxirock, der mit seinem filigranen Blumendruck in Pastellt\u00f6nen wie ein Aquarellbild wirkt. Der luftige Stoff umspielt sanft die Beine, w\u00e4hrend der elastische Bund mit Kordel f\u00fcr h\u00f6chsten Komfort sorgt. Die liebevoll abgestuften Bahnen bringen Volumen und Bewegung in den Rock, ideal f\u00fcr Fr\u00fchlingspicknicks, Spazierg\u00e4nge im Bl\u00fctengarten oder romantische Momente auf Reisen. Ein Rock wie ein Gedicht \u2013 feminin, verspielt und voller zarter Melodien.<\/p>\n<p>Perfekt f\u00fcr Fr\u00fchlingstage, Hochzeitsgast-Outfits, Boho-Fotoshootings, Gartenpartys, Flanieren in der Altstadt, Poesieabende unter Sternen<\/p>","protected":false},"excerpt":{"rendered":"<p>Wie Morgentau auf einer Sommerwiese entfaltet dieser Rock seine zarte Bl\u00fctenpracht. Sanfte Farben flie\u00dfen wie Aquarell \u00fcber den leichten Stoff und zaubern eine poetische Aura. Er ist ein stiller Begleiter f\u00fcr vertr\u00e4umte Tage voller Licht und Leichtigkeit.<\/p>","protected":false},"featured_media":11778,"comment_status":"open","ping_status":"closed","template":"","meta":[],"product_brand":[94],"product_cat":[93],"product_tag":[170,174,176,173,179,172,171,175,177,178],"class_list":{"0":"post-11776","1":"product","2":"type-product","3":"status-publish","4":"has-post-thumbnail","6":"product_brand-hasenberg","7":"product_cat-boho-rock","8":"product_tag-boho-rock-damen","9":"product_tag-bunter-sommerrock","10":"product_tag-ethno-rock-bunt","11":"product_tag-festival-outfit-rock","12":"product_tag-floraler-rock-damen","13":"product_tag-hippie-maxirock","14":"product_tag-langer-blumenrock","15":"product_tag-luftiger-stufenrock","16":"product_tag-rock-mit-gummizug-damen","17":"product_tag-romantischer-maxirock","19":"first","20":"instock","21":"shipping-taxable","22":"purchasable","23":"product-type-simple"},"jetpack_sharing_enabled":true,"_links":{"self":[{"href":"https:\/\/onlinegreenshop.de\/de\/wp-json\/wp\/v2\/product\/11776","targetHints":{"allow":["GET"]}}],"collection":[{"href":"https:\/\/onlinegreenshop.de\/de\/wp-json\/wp\/v2\/product"}],"about":[{"href":"https:\/\/onlinegreenshop.de\/de\/wp-json\/wp\/v2\/types\/product"}],"replies":[{"embeddable":true,"href":"https:\/\/onlinegreenshop.de\/de\/wp-json\/wp\/v2\/comments?post=11776"}],"wp:featuredmedia":[{"embeddable":true,"href":"https:\/\/onlinegreenshop.de\/de\/wp-json\/wp\/v2\/media\/11778"}],"wp:attachment":[{"href":"https:\/\/onlinegreenshop.de\/de\/wp-json\/wp\/v2\/media?parent=11776"}],"wp:term":[{"taxonomy":"product_brand","embeddable":true,"href":"https:\/\/onlinegreenshop.de\/de\/wp-json\/wp\/v2\/product_brand?post=11776"},{"taxonomy":"product_cat","embeddable":true,"href":"https:\/\/onlinegreenshop.de\/de\/wp-json\/wp\/v2\/product_cat?post=11776"},{"taxonomy":"product_tag","embeddable":true,"href":"https:\/\/onlinegreenshop.de\/de\/wp-json\/wp\/v2\/product_tag?post=11776"}],"curies":[{"name":"wp","href":"https:\/\/api.w.org\/{rel}","templated":true}]}}