{"id":11779,"date":"2025-05-27T17:35:30","date_gmt":"2025-05-27T15:35:30","guid":{"rendered":"https:\/\/onlinegreenshop.de\/?post_type=product&#038;p=11779"},"modified":"2025-07-08T11:39:01","modified_gmt":"2025-07-08T09:39:01","slug":"boho-rock-sternenstaub-maxirock-creme-lavendel","status":"publish","type":"product","link":"https:\/\/onlinegreenshop.de\/de\/produkt\/boho-rock-sternenstaub-maxirock-creme-lavendel\/","title":{"rendered":"\u201eSternenstaub &#038; Lavendeltr\u00e4ume\u201c \u2013 Cremiger Maxirock mit Mini-Sternen"},"content":{"rendered":"<p>\u201eSternenstaub &amp; Lavendeltr\u00e4ume\u201c ist ein zarter Maxirock in warmem Creme, \u00fcbers\u00e4t mit kleinen Sternen in Lavendelt\u00f6nen. Sein luftiger, mehrstufiger Schnitt sorgt f\u00fcr flie\u00dfende Bewegung, w\u00e4hrend der elastische Bund mit Zugband Komfort und Flexibilit\u00e4t schenkt. Ob bei einer Lesepause im Garten, einem Sonnenuntergang am See oder einem Festival unter funkelnden Lichtern \u2013 dieser Rock macht jeden Moment ein bisschen magischer.<\/p>\n<p>Perfekt f\u00fcr Picknick im Park, Sommerfeste, Lesezeit im Garten, Festivalbesuche, Spazierg\u00e4nge im Sonnenuntergang, Boho-Fotoshooting<\/p>","protected":false},"excerpt":{"rendered":"<p>Wie ein Nachthimmel bei Tageslicht bezaubert dieser Rock mit winzigen violetten Sternen auf cremigem Grund. Er flie\u00dft luftig und leicht um deine Beine und verspr\u00fcht eine Magie aus Freiheit und Fantasie. F\u00fcr alle, die zwischen Himmel und Erde tr\u00e4umen wollen.<\/p>","protected":false},"featured_media":11703,"comment_status":"open","ping_status":"closed","template":"","meta":[],"product_brand":[94],"product_cat":[93],"product_tag":[170,212,176,173,172,175,211,177,178,199],"class_list":{"0":"post-11779","1":"product","2":"type-product","3":"status-publish","4":"has-post-thumbnail","6":"product_brand-hasenberg","7":"product_cat-boho-rock","8":"product_tag-boho-rock-damen","9":"product_tag-cremefarbener-boho-rock","10":"product_tag-ethno-rock-bunt","11":"product_tag-festival-outfit-rock","12":"product_tag-hippie-maxirock","13":"product_tag-luftiger-stufenrock","14":"product_tag-maxirock-mit-sternen","15":"product_tag-rock-mit-gummizug-damen","16":"product_tag-romantischer-maxirock","17":"product_tag-sommerrock-damen-lang","19":"first","20":"instock","21":"shipping-taxable","22":"purchasable","23":"product-type-simple"},"jetpack_sharing_enabled":true,"_links":{"self":[{"href":"https:\/\/onlinegreenshop.de\/de\/wp-json\/wp\/v2\/product\/11779","targetHints":{"allow":["GET"]}}],"collection":[{"href":"https:\/\/onlinegreenshop.de\/de\/wp-json\/wp\/v2\/product"}],"about":[{"href":"https:\/\/onlinegreenshop.de\/de\/wp-json\/wp\/v2\/types\/product"}],"replies":[{"embeddable":true,"href":"https:\/\/onlinegreenshop.de\/de\/wp-json\/wp\/v2\/comments?post=11779"}],"wp:featuredmedia":[{"embeddable":true,"href":"https:\/\/onlinegreenshop.de\/de\/wp-json\/wp\/v2\/media\/11703"}],"wp:attachment":[{"href":"https:\/\/onlinegreenshop.de\/de\/wp-json\/wp\/v2\/media?parent=11779"}],"wp:term":[{"taxonomy":"product_brand","embeddable":true,"href":"https:\/\/onlinegreenshop.de\/de\/wp-json\/wp\/v2\/product_brand?post=11779"},{"taxonomy":"product_cat","embeddable":true,"href":"https:\/\/onlinegreenshop.de\/de\/wp-json\/wp\/v2\/product_cat?post=11779"},{"taxonomy":"product_tag","embeddable":true,"href":"https:\/\/onlinegreenshop.de\/de\/wp-json\/wp\/v2\/product_tag?post=11779"}],"curies":[{"name":"wp","href":"https:\/\/api.w.org\/{rel}","templated":true}]}}