{"id":11790,"date":"2025-06-04T16:16:56","date_gmt":"2025-06-04T14:16:56","guid":{"rendered":"https:\/\/onlinegreenshop.de\/?post_type=product&#038;p=11790"},"modified":"2025-07-08T11:45:31","modified_gmt":"2025-07-08T09:45:31","slug":"boho-maxirock-mitternachtsbluete","status":"publish","type":"product","link":"https:\/\/onlinegreenshop.de\/de\/produkt\/boho-maxirock-mitternachtsbluete\/","title":{"rendered":"Flie\u00dfender Boho-Rock \u201eMitternachtsbl\u00fcte\u201c"},"content":{"rendered":"<p>Der \u201eMitternachtsbl\u00fcte\u201c-Rock ist wie ein sanfter Spaziergang durch einen n\u00e4chtlichen Blumengarten. Zarte blaue und wei\u00dfe Bl\u00fcten tanzen \u00fcber das tiefschwarze Gewebe, w\u00e4hrend die flie\u00dfende Silhouette dich bei jedem Schritt umh\u00fcllt. Die lockere Passform und der komfortable Gummibund mit Tunnelzug machen ihn zum idealen Begleiter f\u00fcr entspannte Stunden mit einem Buch, Musik auf den Ohren oder barfu\u00df im Gras. Kombiniert mit einem einfachen Top wird dieser Rock zum stillen Highlight deines Outfits.<\/p>","protected":false},"excerpt":{"rendered":"<p>Ein luftiger, romantischer Maxirock in Dunkelblau mit zarten blauen Bl\u00fcten \u2013 perfekt f\u00fcr tr\u00e4umerische Tage und laue Sommern\u00e4chte.<\/p>","protected":false},"featured_media":11791,"comment_status":"open","ping_status":"closed","template":"","meta":[],"product_brand":[94],"product_cat":[93],"product_tag":[229,170,227,216,226,228,146],"class_list":{"0":"post-11790","1":"product","2":"type-product","3":"status-publish","4":"has-post-thumbnail","6":"product_brand-hasenberg","7":"product_cat-boho-rock","8":"product_tag-bequemer-maxirock-damen","9":"product_tag-boho-rock-damen","10":"product_tag-floraler-rock-boho","11":"product_tag-luftiger-sommerrock","12":"product_tag-rock-mit-gummibund","13":"product_tag-romantischer-langer-rock","14":"product_tag-schwarzer-maxirock-blumenmuster","16":"first","17":"instock","18":"shipping-taxable","19":"purchasable","20":"product-type-simple"},"jetpack_sharing_enabled":true,"_links":{"self":[{"href":"https:\/\/onlinegreenshop.de\/de\/wp-json\/wp\/v2\/product\/11790","targetHints":{"allow":["GET"]}}],"collection":[{"href":"https:\/\/onlinegreenshop.de\/de\/wp-json\/wp\/v2\/product"}],"about":[{"href":"https:\/\/onlinegreenshop.de\/de\/wp-json\/wp\/v2\/types\/product"}],"replies":[{"embeddable":true,"href":"https:\/\/onlinegreenshop.de\/de\/wp-json\/wp\/v2\/comments?post=11790"}],"wp:featuredmedia":[{"embeddable":true,"href":"https:\/\/onlinegreenshop.de\/de\/wp-json\/wp\/v2\/media\/11791"}],"wp:attachment":[{"href":"https:\/\/onlinegreenshop.de\/de\/wp-json\/wp\/v2\/media?parent=11790"}],"wp:term":[{"taxonomy":"product_brand","embeddable":true,"href":"https:\/\/onlinegreenshop.de\/de\/wp-json\/wp\/v2\/product_brand?post=11790"},{"taxonomy":"product_cat","embeddable":true,"href":"https:\/\/onlinegreenshop.de\/de\/wp-json\/wp\/v2\/product_cat?post=11790"},{"taxonomy":"product_tag","embeddable":true,"href":"https:\/\/onlinegreenshop.de\/de\/wp-json\/wp\/v2\/product_tag?post=11790"}],"curies":[{"name":"wp","href":"https:\/\/api.w.org\/{rel}","templated":true}]}}