{"id":11798,"date":"2025-06-05T11:23:03","date_gmt":"2025-06-05T09:23:03","guid":{"rendered":"https:\/\/onlinegreenshop.de\/?post_type=product&#038;p=11798"},"modified":"2025-07-08T11:46:17","modified_gmt":"2025-07-08T09:46:17","slug":"maxirock-sommerpoesie-blau-weiss","status":"publish","type":"product","link":"https:\/\/onlinegreenshop.de\/de\/produkt\/maxirock-sommerpoesie-blau-weiss\/","title":{"rendered":"Sommerpoesie im Bl\u00e4ttertanz \u2013 Maxirock in Blau &#038; Wei\u00df"},"content":{"rendered":"<p data-start=\"375\" data-end=\"837\">Lass dich entf\u00fchren in die Welt mediterraner Sommertr\u00e4ume. Unser Maxirock \u201eSommerpoesie im Bl\u00e4ttertanz\u201c erz\u00e4hlt in jedem Faltenwurf Geschichten vom Meer, vom Wind, von der Freiheit. Das tiefblaue florale Muster auf reinwei\u00dfem Grund erinnert an handbemalte Keramik, wie sie an sonnigen K\u00fcstenlinien zu finden ist. Mit seinem elastischen Bund schmiegt sich der Rock bequem an jede Silhouette an und bewegt sich sanft mit jedem Schritt.<\/p>\n<p data-start=\"839\" data-end=\"1044\">Ideal f\u00fcr barf\u00fc\u00dfige Spazierg\u00e4nge am Strand, entspannte Tage in der Stadt oder vertr\u00e4umte Stunden mit einem Buch \u2013 dieser Rock ist mehr als ein Kleidungsst\u00fcck: Er ist ein Gef\u00fchl von Leichtigkeit und Poesie.<\/p>\n<p data-start=\"839\" data-end=\"1044\">Ideal f\u00fcr Sommerurlaube, entspannte Strandspazierg\u00e4nge, Gartenpartys, Picknicks im Park, Musikfestivals oder einen stilvollen Stadtbummel \u2013 dieser Rock ist der perfekte Begleiter f\u00fcr alle Anl\u00e4sse, bei denen Leichtigkeit und Eleganz gefragt sind.<\/p>","protected":false},"excerpt":{"rendered":"<p>Ein Hauch von Mittelmeer \u2013 dieser flie\u00dfende Maxirock verwebt Tradition mit Leichtigkeit und macht jeden Schritt zum Tanz des Sommers.<\/p>","protected":false},"featured_media":11797,"comment_status":"open","ping_status":"closed","template":"","meta":[],"product_brand":[94],"product_cat":[93],"product_tag":[231,232,107,233,230,214,199,225],"class_list":{"0":"post-11798","1":"product","2":"type-product","3":"status-publish","4":"has-post-thumbnail","6":"product_brand-hasenberg","7":"product_cat-boho-rock","8":"product_tag-boho-rock-maxirock","9":"product_tag-damenrock-floral-muster","10":"product_tag-hippie-rock-lang","11":"product_tag-luftiger-rock-sommer","12":"product_tag-maxirock-blau-weis","13":"product_tag-rock-mit-blumenmuster","14":"product_tag-sommerrock-damen-lang","15":"product_tag-strandrock-damen","17":"first","18":"instock","19":"shipping-taxable","20":"purchasable","21":"product-type-simple"},"jetpack_sharing_enabled":true,"_links":{"self":[{"href":"https:\/\/onlinegreenshop.de\/de\/wp-json\/wp\/v2\/product\/11798","targetHints":{"allow":["GET"]}}],"collection":[{"href":"https:\/\/onlinegreenshop.de\/de\/wp-json\/wp\/v2\/product"}],"about":[{"href":"https:\/\/onlinegreenshop.de\/de\/wp-json\/wp\/v2\/types\/product"}],"replies":[{"embeddable":true,"href":"https:\/\/onlinegreenshop.de\/de\/wp-json\/wp\/v2\/comments?post=11798"}],"wp:featuredmedia":[{"embeddable":true,"href":"https:\/\/onlinegreenshop.de\/de\/wp-json\/wp\/v2\/media\/11797"}],"wp:attachment":[{"href":"https:\/\/onlinegreenshop.de\/de\/wp-json\/wp\/v2\/media?parent=11798"}],"wp:term":[{"taxonomy":"product_brand","embeddable":true,"href":"https:\/\/onlinegreenshop.de\/de\/wp-json\/wp\/v2\/product_brand?post=11798"},{"taxonomy":"product_cat","embeddable":true,"href":"https:\/\/onlinegreenshop.de\/de\/wp-json\/wp\/v2\/product_cat?post=11798"},{"taxonomy":"product_tag","embeddable":true,"href":"https:\/\/onlinegreenshop.de\/de\/wp-json\/wp\/v2\/product_tag?post=11798"}],"curies":[{"name":"wp","href":"https:\/\/api.w.org\/{rel}","templated":true}]}}