{"id":11799,"date":"2025-06-05T11:30:03","date_gmt":"2025-06-05T09:30:03","guid":{"rendered":"https:\/\/onlinegreenshop.de\/?post_type=product&#038;p=11799"},"modified":"2025-07-08T11:46:46","modified_gmt":"2025-07-08T09:46:46","slug":"maxirock-nachtblumen-schwarz-weiss","status":"publish","type":"product","link":"https:\/\/onlinegreenshop.de\/de\/produkt\/maxirock-nachtblumen-schwarz-weiss\/","title":{"rendered":"\u201eNachtblumen \u2013 Maxirock in Schwarz &#038; Wei\u00df\u201c"},"content":{"rendered":"<p data-start=\"354\" data-end=\"735\">Wenn Tag und Nacht sich k\u00fcssen, entsteht etwas Magisches \u2013 so wie dieser Maxirock \u201eNachtblumen\u201c. Das tiefschwarze Gewebe ist wie ein n\u00e4chtlicher Himmel, auf dem sich wei\u00dfe Bl\u00fctenmuster wie Sterne entfalten. Der luftige, weit schwingende Schnitt sorgt f\u00fcr Bewegungsfreiheit, w\u00e4hrend der elastische Bund mit Kordelzug Komfort und Flexibilit\u00e4t verspricht.<\/p>\n<p data-start=\"737\" data-end=\"975\">Ob barfu\u00df am Meer, bei einem Open-Air-Konzert oder beim Bummel durch die Gassen deiner Lieblingsstadt \u2013 dieser Rock ist wie ein Gedicht, das du tr\u00e4gst. Die monochrome Farbgebung macht ihn zum vielseitigen Lieblingsst\u00fcck f\u00fcr Tag und Nacht.<\/p>\n<p data-start=\"737\" data-end=\"975\">Perfekt f\u00fcr Sommerabende, Festivals, kreative Alltaglooks, Strandtage, St\u00e4dtetrips oder entspannte Stunden im Garten \u2013 dieser Rock begleitet dich stilsicher durch Tag und Nacht.<\/p>","protected":false},"excerpt":{"rendered":"<p data-start=\"198\" data-end=\"347\">Ein schwarzer Sommernachtstraum mit floraler Leichtigkeit \u2013 dieser Rock bringt Eleganz und Freiheit in perfekte Balance.<\/p>","protected":false},"featured_media":11800,"comment_status":"open","ping_status":"closed","template":"","meta":[],"product_brand":[94],"product_cat":[93],"product_tag":[170,237,106,235,238,234,239,236],"class_list":{"0":"post-11799","1":"product","2":"type-product","3":"status-publish","4":"has-post-thumbnail","6":"product_brand-hasenberg","7":"product_cat-boho-rock","8":"product_tag-boho-rock-damen","9":"product_tag-damenrock-mit-gummibund","10":"product_tag-festival-rock-damen","11":"product_tag-langer-rock-blumenmuster","12":"product_tag-maxirock-geblumt","13":"product_tag-maxirock-schwarz-weis","14":"product_tag-schwarzer-hippie-rock","15":"product_tag-sommerrock-schwarz","17":"first","18":"instock","19":"shipping-taxable","20":"purchasable","21":"product-type-simple"},"jetpack_sharing_enabled":true,"_links":{"self":[{"href":"https:\/\/onlinegreenshop.de\/de\/wp-json\/wp\/v2\/product\/11799","targetHints":{"allow":["GET"]}}],"collection":[{"href":"https:\/\/onlinegreenshop.de\/de\/wp-json\/wp\/v2\/product"}],"about":[{"href":"https:\/\/onlinegreenshop.de\/de\/wp-json\/wp\/v2\/types\/product"}],"replies":[{"embeddable":true,"href":"https:\/\/onlinegreenshop.de\/de\/wp-json\/wp\/v2\/comments?post=11799"}],"wp:featuredmedia":[{"embeddable":true,"href":"https:\/\/onlinegreenshop.de\/de\/wp-json\/wp\/v2\/media\/11800"}],"wp:attachment":[{"href":"https:\/\/onlinegreenshop.de\/de\/wp-json\/wp\/v2\/media?parent=11799"}],"wp:term":[{"taxonomy":"product_brand","embeddable":true,"href":"https:\/\/onlinegreenshop.de\/de\/wp-json\/wp\/v2\/product_brand?post=11799"},{"taxonomy":"product_cat","embeddable":true,"href":"https:\/\/onlinegreenshop.de\/de\/wp-json\/wp\/v2\/product_cat?post=11799"},{"taxonomy":"product_tag","embeddable":true,"href":"https:\/\/onlinegreenshop.de\/de\/wp-json\/wp\/v2\/product_tag?post=11799"}],"curies":[{"name":"wp","href":"https:\/\/api.w.org\/{rel}","templated":true}]}}