{"id":11807,"date":"2025-06-06T12:26:50","date_gmt":"2025-06-06T10:26:50","guid":{"rendered":"https:\/\/onlinegreenshop.de\/?post_type=product&#038;p=11807"},"modified":"2025-07-08T11:48:38","modified_gmt":"2025-07-08T09:48:38","slug":"boho-sommerrock-zimt-blaettertanz","status":"publish","type":"product","link":"https:\/\/onlinegreenshop.de\/de\/produkt\/boho-sommerrock-zimt-blaettertanz\/","title":{"rendered":"Boho-Rock \u201eZimt &#038; Bl\u00e4ttertanz\u201c"},"content":{"rendered":"<p>Der \u201eZimt &amp; Bl\u00e4ttertanz\u201c-Rock verspr\u00fcht die W\u00e4rme eines Sommertages, eingefangen in Stoff. Sein feines Blattmuster in Wei\u00df wirbelt verspielt \u00fcber ein erdiges Zimtrot \u2013 wie Herbstlaub im Licht des sp\u00e4ten Sommers. Der elastische Bund mit Kordelzug schenkt Komfort und Bewegungsfreiheit, w\u00e4hrend der flie\u00dfende Schnitt eine feminine Silhouette zaubert. Ob am Strand, auf dem Markt oder beim Lesen unter einem Baum \u2013 dieser Rock begleitet dich mit Leichtigkeit und Stil durch den Tag.<\/p>\n<p>Perfekt f\u00fcr ruhige Spazierg\u00e4nge, kreative Tage, M\u00e4rkte unter freiem Himmel oder vertr\u00e4umte Nachmittage mit einem Buch \u2013 dieser Rock begleitet dich stilvoll durch alle sanften Momente des Lebens.<\/p>","protected":false},"excerpt":{"rendered":"<p>Ein luftig-leichter Maxirock in warmem Zimtton mit zartem Bl\u00e4tterprint \u2013 geschaffen f\u00fcr goldene Nachmittage und vertr\u00e4umte Spazierg\u00e4nge.<\/p>","protected":false},"featured_media":11808,"comment_status":"open","ping_status":"closed","template":"","meta":[],"product_brand":[94],"product_cat":[93],"product_tag":[251,246,248,249,247,250,252],"class_list":{"0":"post-11807","1":"product","2":"type-product","3":"status-publish","4":"has-post-thumbnail","6":"product_brand-hasenberg","7":"product_cat-boho-rock","8":"product_tag-bequemer-boho-rock-damen","9":"product_tag-boho-rock-zimt","10":"product_tag-damenrock-sommer-lang","11":"product_tag-luftiger-rock-naturfarben","12":"product_tag-maxirock-mit-blattermuster","13":"product_tag-maxirock-mit-kordelzug","14":"product_tag-romantischer-rock-blatterprint","16":"first","17":"instock","18":"shipping-taxable","19":"purchasable","20":"product-type-simple"},"jetpack_sharing_enabled":true,"_links":{"self":[{"href":"https:\/\/onlinegreenshop.de\/de\/wp-json\/wp\/v2\/product\/11807","targetHints":{"allow":["GET"]}}],"collection":[{"href":"https:\/\/onlinegreenshop.de\/de\/wp-json\/wp\/v2\/product"}],"about":[{"href":"https:\/\/onlinegreenshop.de\/de\/wp-json\/wp\/v2\/types\/product"}],"replies":[{"embeddable":true,"href":"https:\/\/onlinegreenshop.de\/de\/wp-json\/wp\/v2\/comments?post=11807"}],"wp:featuredmedia":[{"embeddable":true,"href":"https:\/\/onlinegreenshop.de\/de\/wp-json\/wp\/v2\/media\/11808"}],"wp:attachment":[{"href":"https:\/\/onlinegreenshop.de\/de\/wp-json\/wp\/v2\/media?parent=11807"}],"wp:term":[{"taxonomy":"product_brand","embeddable":true,"href":"https:\/\/onlinegreenshop.de\/de\/wp-json\/wp\/v2\/product_brand?post=11807"},{"taxonomy":"product_cat","embeddable":true,"href":"https:\/\/onlinegreenshop.de\/de\/wp-json\/wp\/v2\/product_cat?post=11807"},{"taxonomy":"product_tag","embeddable":true,"href":"https:\/\/onlinegreenshop.de\/de\/wp-json\/wp\/v2\/product_tag?post=11807"}],"curies":[{"name":"wp","href":"https:\/\/api.w.org\/{rel}","templated":true}]}}